{"id":2157,"date":"2018-01-15T22:14:36","date_gmt":"2018-01-15T21:14:36","guid":{"rendered":"http:\/\/www.snepfsu-creteil.net\/wp\/?page_id=2157"},"modified":"2020-12-06T17:53:26","modified_gmt":"2020-12-06T16:53:26","slug":"journees-de-leps","status":"publish","type":"page","link":"https:\/\/www.snepfsu-creteil.net\/wp\/ressources\/journees-de-leps\/","title":{"rendered":"Journ\u00e9es de l&rsquo;EPS"},"content":{"rendered":"\t\t<div data-elementor-type=\"wp-post\" data-elementor-id=\"2157\" class=\"elementor elementor-2157 elementor-bc-flex-widget\">\n\t\t\t\t\t\t<section class=\"elementor-section elementor-top-section elementor-element elementor-element-e8fd8ae elementor-section-boxed elementor-section-height-default elementor-section-height-default\" data-id=\"e8fd8ae\" data-element_type=\"section\" data-e-type=\"section\">\n\t\t\t\t\t\t<div class=\"elementor-container elementor-column-gap-default\">\n\t\t\t\t\t<div class=\"elementor-column elementor-col-33 elementor-top-column elementor-element elementor-element-f04eeac\" data-id=\"f04eeac\" data-element_type=\"column\" data-e-type=\"column\">\n\t\t\t<div class=\"elementor-widget-wrap elementor-element-populated\">\n\t\t\t\t\t\t<div class=\"elementor-element elementor-element-7ebcb9c elementor-widget elementor-widget-image\" data-id=\"7ebcb9c\" data-element_type=\"widget\" data-e-type=\"widget\" data-widget_type=\"image.default\">\n\t\t\t\t<div class=\"elementor-widget-container\">\n\t\t\t\t\t\t\t\t\t\t\t\t\t\t\t<img fetchpriority=\"high\" decoding=\"async\" width=\"437\" height=\"616\" src=\"https:\/\/www.snepfsu-creteil.net\/wp\/wp-content\/uploads\/2020\/12\/JEPS-21-affiche.png\" class=\"attachment-large size-large wp-image-4951\" alt=\"\" srcset=\"https:\/\/www.snepfsu-creteil.net\/wp\/wp-content\/uploads\/2020\/12\/JEPS-21-affiche.png 437w, https:\/\/www.snepfsu-creteil.net\/wp\/wp-content\/uploads\/2020\/12\/JEPS-21-affiche-213x300.png 213w\" sizes=\"(max-width: 437px) 100vw, 437px\" \/>\t\t\t\t\t\t\t\t\t\t\t\t\t\t\t<\/div>\n\t\t\t\t<\/div>\n\t\t\t\t\t<\/div>\n\t\t<\/div>\n\t\t\t\t<div class=\"elementor-column elementor-col-66 elementor-top-column elementor-element elementor-element-c11ac1b\" data-id=\"c11ac1b\" data-element_type=\"column\" data-e-type=\"column\">\n\t\t\t<div class=\"elementor-widget-wrap elementor-element-populated\">\n\t\t\t\t\t\t<div class=\"elementor-element elementor-element-4960761 elementor-widget elementor-widget-heading\" data-id=\"4960761\" data-element_type=\"widget\" data-e-type=\"widget\" data-widget_type=\"heading.default\">\n\t\t\t\t<div class=\"elementor-widget-container\">\n\t\t\t\t\t<h2 class=\"elementor-heading-title elementor-size-large\">JEPS 2021 4 &amp; 5 F\u00e9vrier : Un stage de 2 jours pour reprendre en main notre m\u00e9tier !<\/h2>\t\t\t\t<\/div>\n\t\t\t\t<\/div>\n\t\t\t\t<div class=\"elementor-element elementor-element-6749124 elementor-widget elementor-widget-text-editor\" data-id=\"6749124\" data-element_type=\"widget\" data-e-type=\"widget\" data-widget_type=\"text-editor.default\">\n\t\t\t\t<div class=\"elementor-widget-container\">\n\t\t\t\t\t\t\t\t\t<p>Les r\u00e9formes r\u00e9centes lyc\u00e9es\/BAC, coll\u00e8ge\/DNB et lyc\u00e9e pro\/CAP nous imposent de revoir nos attendus pour les \u00e9l\u00e8ves avec un cadre local, donc in\u00e9galitaire, qui modifie le contenu de nos enseignements !\u00a0<\/p><p>En lien avec ces r\u00e9formes, les annonces de JM Blanquer sur le \u00ab\u00a0sport \u00e0 l&rsquo;\u00e9cole\u00a0\u00bb n\u00e9cessitent une r\u00e9action forte et concr\u00e8te des profs d&rsquo;EPS !<\/p>\t\t\t\t\t\t\t\t<\/div>\n\t\t\t\t<\/div>\n\t\t\t\t<div class=\"elementor-element elementor-element-443118d elementor-align-center elementor-widget elementor-widget-button\" data-id=\"443118d\" data-element_type=\"widget\" data-e-type=\"widget\" data-widget_type=\"button.default\">\n\t\t\t\t<div class=\"elementor-widget-container\">\n\t\t\t\t\t\t\t\t\t<div class=\"elementor-button-wrapper\">\n\t\t\t\t\t<a class=\"elementor-button elementor-button-link elementor-size-sm\" href=\"https:\/\/www.snepfsu-creteil.net\/wp\/ressources\/journees-de-leps\/jeps-2021\/\">\n\t\t\t\t\t\t<span class=\"elementor-button-content-wrapper\">\n\t\t\t\t\t\t\t\t\t<span class=\"elementor-button-text\">Infos et modalit\u00e9s d'inscription ici<\/span>\n\t\t\t\t\t<\/span>\n\t\t\t\t\t<\/a>\n\t\t\t\t<\/div>\n\t\t\t\t\t\t\t\t<\/div>\n\t\t\t\t<\/div>\n\t\t\t\t\t<\/div>\n\t\t<\/div>\n\t\t\t\t\t<\/div>\n\t\t<\/section>\n\t\t\t\t<section class=\"elementor-section elementor-top-section elementor-element elementor-element-d1d15e7 elementor-section-boxed elementor-section-height-default elementor-section-height-default\" data-id=\"d1d15e7\" data-element_type=\"section\" data-e-type=\"section\">\n\t\t\t\t\t\t<div class=\"elementor-container elementor-column-gap-default\">\n\t\t\t\t\t<div class=\"elementor-column elementor-col-100 elementor-top-column elementor-element elementor-element-7d83411\" data-id=\"7d83411\" data-element_type=\"column\" data-e-type=\"column\">\n\t\t\t<div class=\"elementor-widget-wrap elementor-element-populated\">\n\t\t\t\t\t\t<div class=\"elementor-element elementor-element-8b1a5ca elementor-widget elementor-widget-heading\" data-id=\"8b1a5ca\" data-element_type=\"widget\" data-e-type=\"widget\" data-widget_type=\"heading.default\">\n\t\t\t\t<div class=\"elementor-widget-container\">\n\t\t\t\t\t<h2 class=\"elementor-heading-title elementor-size-default\">La r\u00e9flexion professionnelle au coeur !<\/h2>\t\t\t\t<\/div>\n\t\t\t\t<\/div>\n\t\t\t\t<div class=\"elementor-element elementor-element-5a50c1b elementor-widget elementor-widget-text-editor\" data-id=\"5a50c1b\" data-element_type=\"widget\" data-e-type=\"widget\" data-widget_type=\"text-editor.default\">\n\t\t\t\t<div class=\"elementor-widget-container\">\n\t\t\t\t\t\t\t\t\t<div><div data-elementor-setting-key=\"editor\" data-elementor-inline-editing-toolbar=\"advanced\"><p>Depuis 2013, les Journ\u00e9es de l&rsquo;EPS de Cr\u00e9teil organ\u00e9es par le SNEP-FSU Cr\u00e9teil, r\u00e9unissent de 80 \u00e0 170 profs d&rsquo;EPS pour 2 jours de r\u00e9flexion sur notre m\u00e9tier et de formation APSA. <\/p><p>Nous souhaitons partager ces r\u00e9flexions le plus largement possible \u00e0 tous les profs de Cr\u00e9teil et aller vers des exp\u00e9rimentations concr\u00e8tes avec les \u00e9quipes le souhaitent pour faire face \u00e0 la logique in\u00e9galitaire engag\u00e9e par le minist\u00e8re depuis quelques ann\u00e9es !<\/p><p>Propositions didactiques dans les APSA, conf\u00e9rences en podcast ou papier, r\u00e9flexions sur le travail en \u00e9quipe, les sections sportives, la programmation&#8230; partageons nos id\u00e9es !<\/p><\/div><\/div>\t\t\t\t\t\t\t\t<\/div>\n\t\t\t\t<\/div>\n\t\t\t\t\t<\/div>\n\t\t<\/div>\n\t\t\t\t\t<\/div>\n\t\t<\/section>\n\t\t\t\t<section class=\"elementor-section elementor-top-section elementor-element elementor-element-d370444 elementor-section-boxed elementor-section-height-default elementor-section-height-default\" data-id=\"d370444\" data-element_type=\"section\" data-e-type=\"section\">\n\t\t\t\t\t\t<div class=\"elementor-container elementor-column-gap-default\">\n\t\t\t\t\t<div class=\"elementor-column elementor-col-100 elementor-top-column elementor-element elementor-element-036711a\" data-id=\"036711a\" data-element_type=\"column\" data-e-type=\"column\">\n\t\t\t<div class=\"elementor-widget-wrap elementor-element-populated\">\n\t\t\t\t\t\t<div class=\"elementor-element elementor-element-0c99729 elementor-widget-divider--view-line elementor-widget elementor-widget-divider\" data-id=\"0c99729\" data-element_type=\"widget\" data-e-type=\"widget\" data-widget_type=\"divider.default\">\n\t\t\t\t<div class=\"elementor-widget-container\">\n\t\t\t\t\t\t\t<div class=\"elementor-divider\">\n\t\t\t<span class=\"elementor-divider-separator\">\n\t\t\t\t\t\t<\/span>\n\t\t<\/div>\n\t\t\t\t\t\t<\/div>\n\t\t\t\t<\/div>\n\t\t\t\t\t<\/div>\n\t\t<\/div>\n\t\t\t\t\t<\/div>\n\t\t<\/section>\n\t\t\t\t<section class=\"elementor-section elementor-top-section elementor-element elementor-element-bebf9d3 elementor-section-boxed elementor-section-height-default elementor-section-height-default\" data-id=\"bebf9d3\" data-element_type=\"section\" data-e-type=\"section\">\n\t\t\t\t\t\t<div class=\"elementor-container elementor-column-gap-default\">\n\t\t\t\t\t<div class=\"elementor-column elementor-col-33 elementor-top-column elementor-element elementor-element-14328f0\" data-id=\"14328f0\" data-element_type=\"column\" data-e-type=\"column\">\n\t\t\t<div class=\"elementor-widget-wrap elementor-element-populated\">\n\t\t\t\t\t\t<div class=\"elementor-element elementor-element-9d40270 elementor-widget elementor-widget-image\" data-id=\"9d40270\" data-element_type=\"widget\" data-e-type=\"widget\" data-widget_type=\"image.default\">\n\t\t\t\t<div class=\"elementor-widget-container\">\n\t\t\t\t\t\t\t\t\t\t\t\t\t\t\t\t<a href=\"https:\/\/www.snepfsu-creteil.net\/wp\/journees-de-leps-2017\/\">\n\t\t\t\t\t\t\t<img decoding=\"async\" width=\"724\" height=\"1024\" src=\"https:\/\/www.snepfsu-creteil.net\/wp\/wp-content\/uploads\/2018\/01\/visuel_les_25_journees_de_l_eps_4A4-Copie-Copie-724x1024.jpg\" class=\"attachment-large size-large wp-image-2057\" alt=\"\" srcset=\"https:\/\/www.snepfsu-creteil.net\/wp\/wp-content\/uploads\/2018\/01\/visuel_les_25_journees_de_l_eps_4A4-Copie-Copie-724x1024.jpg 724w, https:\/\/www.snepfsu-creteil.net\/wp\/wp-content\/uploads\/2018\/01\/visuel_les_25_journees_de_l_eps_4A4-Copie-Copie-212x300.jpg 212w, https:\/\/www.snepfsu-creteil.net\/wp\/wp-content\/uploads\/2018\/01\/visuel_les_25_journees_de_l_eps_4A4-Copie-Copie-768x1087.jpg 768w, https:\/\/www.snepfsu-creteil.net\/wp\/wp-content\/uploads\/2018\/01\/visuel_les_25_journees_de_l_eps_4A4-Copie-Copie.jpg 1000w\" sizes=\"(max-width: 724px) 100vw, 724px\" \/>\t\t\t\t\t\t\t\t<\/a>\n\t\t\t\t\t\t\t\t\t\t\t\t\t\t\t<\/div>\n\t\t\t\t<\/div>\n\t\t\t\t\t<\/div>\n\t\t<\/div>\n\t\t\t\t<div class=\"elementor-column elementor-col-66 elementor-top-column elementor-element elementor-element-4ce1c3d\" data-id=\"4ce1c3d\" data-element_type=\"column\" data-e-type=\"column\">\n\t\t\t<div class=\"elementor-widget-wrap elementor-element-populated\">\n\t\t\t\t\t\t<div class=\"elementor-element elementor-element-db5e3cc elementor-widget elementor-widget-heading\" data-id=\"db5e3cc\" data-element_type=\"widget\" data-e-type=\"widget\" data-widget_type=\"heading.default\">\n\t\t\t\t<div class=\"elementor-widget-container\">\n\t\t\t\t\t<h2 class=\"elementor-heading-title elementor-size-large\">#JEPS 2017, retour sur 2 jours de formation professionnelle et syndicale <\/h2>\t\t\t\t<\/div>\n\t\t\t\t<\/div>\n\t\t\t\t<div class=\"elementor-element elementor-element-fc9cd38 elementor-widget elementor-widget-text-editor\" data-id=\"fc9cd38\" data-element_type=\"widget\" data-e-type=\"widget\" data-widget_type=\"text-editor.default\">\n\t\t\t\t<div class=\"elementor-widget-container\">\n\t\t\t\t\t\t\t\t\t<p>En d\u00e9cembre dernier, pr\u00e8s de 170 profs d&rsquo;EPS \u00e9taient pr\u00e9sents pour 2 jours de formation APSA et de r\u00e9flexion sur notre m\u00e9tier : place des comp\u00e9tences, orientation vers l&rsquo;autonomie !<\/p><p>Retrouve ici les propositions APSA, les podcasts des conf\u00e9rences et les documents pr\u00e9sent\u00e9s dans les ateliers !<\/p>\t\t\t\t\t\t\t\t<\/div>\n\t\t\t\t<\/div>\n\t\t\t\t<div class=\"elementor-element elementor-element-54845f2 elementor-align-center elementor-widget elementor-widget-button\" data-id=\"54845f2\" data-element_type=\"widget\" data-e-type=\"widget\" data-widget_type=\"button.default\">\n\t\t\t\t<div class=\"elementor-widget-container\">\n\t\t\t\t\t\t\t\t\t<div class=\"elementor-button-wrapper\">\n\t\t\t\t\t<a class=\"elementor-button elementor-button-link elementor-size-sm\" href=\"https:\/\/www.snepfsu-creteil.net\/wp\/journees-de-leps-2017\/\">\n\t\t\t\t\t\t<span class=\"elementor-button-content-wrapper\">\n\t\t\t\t\t\t\t\t\t<span class=\"elementor-button-text\">Tout sur les JEPS2017 ici<\/span>\n\t\t\t\t\t<\/span>\n\t\t\t\t\t<\/a>\n\t\t\t\t<\/div>\n\t\t\t\t\t\t\t\t<\/div>\n\t\t\t\t<\/div>\n\t\t\t\t\t<\/div>\n\t\t<\/div>\n\t\t\t\t\t<\/div>\n\t\t<\/section>\n\t\t\t\t<\/div>\n\t\t","protected":false},"excerpt":{"rendered":"<p>JEPS 2021 4 &amp; 5 F\u00e9vrier : Un stage de 2 jours pour reprendre en main notre m\u00e9tier ! Les<\/p>\n","protected":false},"author":19,"featured_media":0,"parent":2114,"menu_order":0,"comment_status":"closed","ping_status":"closed","template":"","meta":{"colormag_page_layout":"default_layout","footnotes":""},"class_list":["post-2157","page","type-page","status-publish","hentry"],"_links":{"self":[{"href":"https:\/\/www.snepfsu-creteil.net\/wp\/wp-json\/wp\/v2\/pages\/2157","targetHints":{"allow":["GET"]}}],"collection":[{"href":"https:\/\/www.snepfsu-creteil.net\/wp\/wp-json\/wp\/v2\/pages"}],"about":[{"href":"https:\/\/www.snepfsu-creteil.net\/wp\/wp-json\/wp\/v2\/types\/page"}],"author":[{"embeddable":true,"href":"https:\/\/www.snepfsu-creteil.net\/wp\/wp-json\/wp\/v2\/users\/19"}],"replies":[{"embeddable":true,"href":"https:\/\/www.snepfsu-creteil.net\/wp\/wp-json\/wp\/v2\/comments?post=2157"}],"version-history":[{"count":0,"href":"https:\/\/www.snepfsu-creteil.net\/wp\/wp-json\/wp\/v2\/pages\/2157\/revisions"}],"up":[{"embeddable":true,"href":"https:\/\/www.snepfsu-creteil.net\/wp\/wp-json\/wp\/v2\/pages\/2114"}],"wp:attachment":[{"href":"https:\/\/www.snepfsu-creteil.net\/wp\/wp-json\/wp\/v2\/media?parent=2157"}],"curies":[{"name":"wp","href":"https:\/\/api.w.org\/{rel}","templated":true}]}}