{"id":98,"date":"2013-02-19T11:18:44","date_gmt":"2013-02-19T10:18:44","guid":{"rendered":"http:\/\/www.snepfsu-creteil.net\/wp\/?page_id=98"},"modified":"2026-02-19T20:29:16","modified_gmt":"2026-02-19T19:29:16","slug":"la-section-academique-et-les-sections-departementales","status":"publish","type":"page","link":"https:\/\/www.snepfsu-creteil.net\/wp\/vie-syndicale\/la-section-academique-et-les-sections-departementales\/","title":{"rendered":"La section acad\u00e9mique et les sections d\u00e9partementales"},"content":{"rendered":"<h1 style=\"text-align: center;\"><strong>Les contacts du SNEP Cr\u00e9teil (MAJ oct 2024)<\/strong><\/h1>\n<h5 style=\"text-align: center;\"><strong>Adresse du SNEP-FSU Cr\u00e9teil :<\/strong><\/h5>\n<h6 style=\"text-align: center;\">Maison des syndicats de Cr\u00e9teil<\/h6>\n<h6 style=\"text-align: center;\">11-13 rue des Archives 94000 CR\u00c9TEIL<\/h6>\n<h6 style=\"text-align: center;\">(5\u00e8me \u00e9tage FSU)<\/h6>\n<h1 style=\"text-align: center;\">1. Les contacts acad\u00e9miques (Cr\u00e9teil)<\/h1>\n<h5 style=\"text-align: center;\"><img decoding=\"async\" class=\"aligncenter\" src=\"https:\/\/www.snepfsu-creteil.net\/wp\/wp-content\/uploads\/2019\/05\/SNEP-FSU-Cr\u00e9teil-r\u00e9seau-militant-300x156.jpg\" sizes=\"(max-width: 300px) 100vw, 300px\" srcset=\"https:\/\/www.snepfsu-creteil.net\/wp\/wp-content\/uploads\/2019\/05\/SNEP-FSU-Cr\u00e9teil-r\u00e9seau-militant-300x156.jpg 300w, https:\/\/www.snepfsu-creteil.net\/wp\/wp-content\/uploads\/2019\/05\/SNEP-FSU-Cr\u00e9teil-r\u00e9seau-militant.jpg 401w\" alt=\"\" width=\"300\" height=\"156\" \/><strong>Le secr\u00e9tariat acad\u00e9mique et la coordo des <\/strong><strong>commissaires paritaires <\/strong>:<\/h5>\n<h6 style=\"text-align: center;\"><strong><a href=\"mailto:mailto : s3-creteil@snepfsu.net\">\u00a0 \u00a0 s3-creteil@snepfsu.net<\/a>\u00a0<\/strong>\u00a0 \u00a0 \u00a0 \u00a0 \u00a0 \u00a0 \u00a0 \u00a0 \u00a0&amp;\u00a0 \u00a0 \u00a0 \u00a0 \u00a0 \u00a0 \u00a0 \u00a0 \u00a0 <a href=\"mailto:corpo-creteil@snepfsu.net\"><strong>corpo-creteil@snepfsu.net<\/strong><\/a><\/h6>\n<h6 style=\"text-align: center;\"><strong><em>Contactez pour toute question MUTATION<\/em>\u00a0:\u00a0<\/strong><a href=\"mailto:corpo-creteil@snepfsu.net\"><strong>corpo-creteil@snepfsu.net<\/strong><\/a><\/h6>\n<h2><\/h2>\n<h1 style=\"text-align: center;\">2. Les contacts dans le 77, 93, 94<\/h1>\n<h5><strong>Les contacts SNEP-FSU dans ton d\u00e9partement :<\/strong><br \/>\n<img fetchpriority=\"high\" decoding=\"async\" class=\"alignnone size-medium wp-image-8082\" src=\"https:\/\/www.snepfsu-creteil.net\/wp\/wp-content\/uploads\/2024\/03\/77-PNG-2023-217x300.png\" alt=\"\" width=\"217\" height=\"300\" srcset=\"https:\/\/www.snepfsu-creteil.net\/wp\/wp-content\/uploads\/2024\/03\/77-PNG-2023-217x300.png 217w, https:\/\/www.snepfsu-creteil.net\/wp\/wp-content\/uploads\/2024\/03\/77-PNG-2023.png 479w\" sizes=\"(max-width: 217px) 100vw, 217px\" \/><img decoding=\"async\" class=\"alignnone wp-image-8317 size-medium\" src=\"https:\/\/www.snepfsu-creteil.net\/wp\/wp-content\/uploads\/2024\/10\/Carte-93-SNEP-actu-228x300.png\" alt=\"\" width=\"228\" height=\"300\" srcset=\"https:\/\/www.snepfsu-creteil.net\/wp\/wp-content\/uploads\/2024\/10\/Carte-93-SNEP-actu-228x300.png 228w, https:\/\/www.snepfsu-creteil.net\/wp\/wp-content\/uploads\/2024\/10\/Carte-93-SNEP-actu.png 523w\" sizes=\"(max-width: 228px) 100vw, 228px\" \/><img loading=\"lazy\" decoding=\"async\" class=\"alignnone wp-image-8787 size-medium\" src=\"https:\/\/www.snepfsu-creteil.net\/wp\/wp-content\/uploads\/2026\/02\/Carte-contacts-SNEP-FSU-94-2023-24-1_page-0001-212x300.jpg\" alt=\"\" width=\"212\" height=\"300\" srcset=\"https:\/\/www.snepfsu-creteil.net\/wp\/wp-content\/uploads\/2026\/02\/Carte-contacts-SNEP-FSU-94-2023-24-1_page-0001-212x300.jpg 212w, https:\/\/www.snepfsu-creteil.net\/wp\/wp-content\/uploads\/2026\/02\/Carte-contacts-SNEP-FSU-94-2023-24-1_page-0001-724x1024.jpg 724w, https:\/\/www.snepfsu-creteil.net\/wp\/wp-content\/uploads\/2026\/02\/Carte-contacts-SNEP-FSU-94-2023-24-1_page-0001-768x1086.jpg 768w, https:\/\/www.snepfsu-creteil.net\/wp\/wp-content\/uploads\/2026\/02\/Carte-contacts-SNEP-FSU-94-2023-24-1_page-0001-1086x1536.jpg 1086w, https:\/\/www.snepfsu-creteil.net\/wp\/wp-content\/uploads\/2026\/02\/Carte-contacts-SNEP-FSU-94-2023-24-1_page-0001.jpg 1241w\" sizes=\"(max-width: 212px) 100vw, 212px\" \/><a href=\"https:\/\/www.snepfsu-creteil.net\/wp\/wp-content\/uploads\/2023\/09\/Capture-decran-2023-09-08-a-14.03.46.png\" data-elementor-open-lightbox=\"yes\" data-elementor-lightbox-title=\"93 - 2023-24\" data-e-action-hash=\"#elementor-action%3Aaction%3Dlightbox%26settings%3DeyJpZCI6NzY4NiwidXJsIjoiaHR0cHM6XC9cL3d3dy5zbmVwZnN1LWNyZXRlaWwubmV0XC93cFwvd3AtY29udGVudFwvdXBsb2Fkc1wvMjAyM1wvMDlcL0NhcHR1cmUtZGVjcmFuLTIwMjMtMDktMDgtYS0xNC4wMy40Ni5wbmcifQ%3D%3D\" data-wplink-edit=\"true\"><br \/>\n<\/a><a href=\"https:\/\/www.snepfsu-creteil.net\/wp\/wp-content\/uploads\/2024\/03\/Carte-contacts-SNEP-FSU-77-2023-23.pdf\">Carte contacts SNEP-FSU 77<\/a><\/h5>\n<h5><a href=\"https:\/\/www.snepfsu-creteil.net\/wp\/wp-content\/uploads\/2023\/09\/Capture-decran-2023-09-08-a-14.03.46.png\">Carte contacts SNEP-FSU 93 2024-2025<\/a><\/h5>\n<h5><a href=\"https:\/\/www.snepfsu-creteil.net\/wp\/wp-content\/uploads\/2026\/02\/Carte-contacts-SNEP-FSU-94-2023-24-1.pdf\">Carte contacts SNEP-FSU 94<\/a><\/h5>\n<p>Retrouve plus d&rsquo;infos et de contacts sp\u00e9cifiques sur <a href=\"https:\/\/lesite.snepfsu.fr\/\">le site national du SNEP-FSU !<\/a><\/p>\n<h5><img loading=\"lazy\" decoding=\"async\" src=\"https:\/\/www.snepfsu-creteil.net\/wp\/wp-content\/uploads\/2018\/08\/et01_une.jpg\" sizes=\"(max-width: 800px) 100vw, 800px\" srcset=\"https:\/\/www.snepfsu-creteil.net\/wp\/wp-content\/uploads\/2018\/08\/et01_une.jpg 839w, https:\/\/www.snepfsu-creteil.net\/wp\/wp-content\/uploads\/2018\/08\/et01_une-300x38.jpg 300w, https:\/\/www.snepfsu-creteil.net\/wp\/wp-content\/uploads\/2018\/08\/et01_une-768x97.jpg 768w\" alt=\"\" width=\"800\" height=\"101\" \/><\/h5>\n<p><a href=\"https:\/\/www.snepfsu-creteil.net\/wp\/adhesion\/\"><br \/>\n<img loading=\"lazy\" decoding=\"async\" src=\"https:\/\/www.snepfsu-creteil.net\/wp\/wp-content\/uploads\/2018\/08\/adh\u00e9sion20182019-2.jpg\" sizes=\"(max-width: 570px) 100vw, 570px\" srcset=\"https:\/\/www.snepfsu-creteil.net\/wp\/wp-content\/uploads\/2018\/08\/adh\u00e9sion20182019-2.jpg 570w, https:\/\/www.snepfsu-creteil.net\/wp\/wp-content\/uploads\/2018\/08\/adh\u00e9sion20182019-2-300x142.jpg 300w\" alt=\"\" width=\"570\" height=\"270\" \/> <\/a><\/p>\n<h3><a href=\"https:\/\/gri.snepfsu.net\/ADL\/\">CLIQUE ICI POUR ADH\u00c9RER EN LIGNE<\/a><\/h3>\n<p><img loading=\"lazy\" decoding=\"async\" src=\"https:\/\/www.snepfsu-creteil.net\/wp\/wp-content\/uploads\/2023\/09\/WhatsApp-Image-2023-09-14-at-11.30.32-1024x1024.jpeg\" sizes=\"(max-width: 800px) 100vw, 800px\" srcset=\"https:\/\/www.snepfsu-creteil.net\/wp\/wp-content\/uploads\/2023\/09\/WhatsApp-Image-2023-09-14-at-11.30.32-1024x1024.jpeg 1024w, https:\/\/www.snepfsu-creteil.net\/wp\/wp-content\/uploads\/2023\/09\/WhatsApp-Image-2023-09-14-at-11.30.32-300x300.jpeg 300w, https:\/\/www.snepfsu-creteil.net\/wp\/wp-content\/uploads\/2023\/09\/WhatsApp-Image-2023-09-14-at-11.30.32-120x120.jpeg 120w, https:\/\/www.snepfsu-creteil.net\/wp\/wp-content\/uploads\/2023\/09\/WhatsApp-Image-2023-09-14-at-11.30.32-768x768.jpeg 768w, https:\/\/www.snepfsu-creteil.net\/wp\/wp-content\/uploads\/2023\/09\/WhatsApp-Image-2023-09-14-at-11.30.32.jpeg 1080w\" alt=\"\" width=\"800\" height=\"800\" \/><\/p>\n","protected":false},"excerpt":{"rendered":"<p>Les contacts du SNEP Cr\u00e9teil (MAJ oct 2024) Adresse du SNEP-FSU Cr\u00e9teil : Maison des syndicats de Cr\u00e9teil 11-13 rue<\/p>\n","protected":false},"author":10,"featured_media":0,"parent":1936,"menu_order":3,"comment_status":"closed","ping_status":"open","template":"","meta":{"colormag_page_layout":"default_layout","footnotes":""},"class_list":["post-98","page","type-page","status-publish","hentry"],"_links":{"self":[{"href":"https:\/\/www.snepfsu-creteil.net\/wp\/wp-json\/wp\/v2\/pages\/98","targetHints":{"allow":["GET"]}}],"collection":[{"href":"https:\/\/www.snepfsu-creteil.net\/wp\/wp-json\/wp\/v2\/pages"}],"about":[{"href":"https:\/\/www.snepfsu-creteil.net\/wp\/wp-json\/wp\/v2\/types\/page"}],"author":[{"embeddable":true,"href":"https:\/\/www.snepfsu-creteil.net\/wp\/wp-json\/wp\/v2\/users\/10"}],"replies":[{"embeddable":true,"href":"https:\/\/www.snepfsu-creteil.net\/wp\/wp-json\/wp\/v2\/comments?post=98"}],"version-history":[{"count":51,"href":"https:\/\/www.snepfsu-creteil.net\/wp\/wp-json\/wp\/v2\/pages\/98\/revisions"}],"predecessor-version":[{"id":8801,"href":"https:\/\/www.snepfsu-creteil.net\/wp\/wp-json\/wp\/v2\/pages\/98\/revisions\/8801"}],"up":[{"embeddable":true,"href":"https:\/\/www.snepfsu-creteil.net\/wp\/wp-json\/wp\/v2\/pages\/1936"}],"wp:attachment":[{"href":"https:\/\/www.snepfsu-creteil.net\/wp\/wp-json\/wp\/v2\/media?parent=98"}],"curies":[{"name":"wp","href":"https:\/\/api.w.org\/{rel}","templated":true}]}}